{"id":5855,"date":"2023-12-28T15:35:59","date_gmt":"2023-12-28T15:35:59","guid":{"rendered":"https:\/\/bodegalosnadies.com\/?post_type=product&#038;p=5855"},"modified":"2025-03-17T12:25:42","modified_gmt":"2025-03-17T12:25:42","slug":"equilibrio-2021","status":"publish","type":"product","link":"https:\/\/bodegalosnadies.com\/en\/product\/equilibrio-2021\/","title":{"rendered":"Equilibrio 2021"},"content":{"rendered":"<p><span style=\"font-weight: 400\">El ciclo 2020 &#8211; 2021 se caracteriz\u00f3 por una primavera seca y un verano muy lluvioso. Esto \u00faltimo gener\u00f3 condiciones propicias para el desarrollo de hongos en las uvas. De un total de 8.000 kg de uva Merlot y Tannat preparados durante el a\u00f1o para este vino, s\u00f3lo entraron a la bodega 1200 kg, luego de una estricta selecci\u00f3n. Luego de un intenso trabajo en bodega, el vino se dej\u00f3 reposar en barricas de roble franc\u00e9s y americano de primer uso durante 18 meses. En diciembre de 2022 se envasaron solamente 643 botellas.\u00a0<\/span><\/p>\n<p><span style=\"font-weight: 400\">Es un vino ideal para acompa\u00f1ar platos lip\u00eddicos, carnes asadas, quesos, pescados azules y postres a base de chocolate o dulce de membrillo.<\/span><\/p>","protected":false},"excerpt":{"rendered":"<p>El ciclo 2020 &#8211; 2021 se caracteriz\u00f3 por una primavera seca y un verano muy lluvioso. Esto \u00faltimo gener\u00f3 condiciones propicias para el desarrollo de hongos en las uvas. De<\/p>\n<p class=\"more-link-wrapper\"><a class=\"btn btn-primary\" href=\"https:\/\/bodegalosnadies.com\/en\/product\/equilibrio-2021\/\">Read More<\/a><\/p>","protected":false},"featured_media":5882,"template":"","meta":[],"product_cat":[34,32],"product_tag":[],"_links":{"self":[{"href":"https:\/\/bodegalosnadies.com\/en\/wp-json\/wp\/v2\/product\/5855"}],"collection":[{"href":"https:\/\/bodegalosnadies.com\/en\/wp-json\/wp\/v2\/product"}],"about":[{"href":"https:\/\/bodegalosnadies.com\/en\/wp-json\/wp\/v2\/types\/product"}],"wp:featuredmedia":[{"embeddable":true,"href":"https:\/\/bodegalosnadies.com\/en\/wp-json\/wp\/v2\/media\/5882"}],"wp:attachment":[{"href":"https:\/\/bodegalosnadies.com\/en\/wp-json\/wp\/v2\/media?parent=5855"}],"wp:term":[{"taxonomy":"product_cat","embeddable":true,"href":"https:\/\/bodegalosnadies.com\/en\/wp-json\/wp\/v2\/product_cat?post=5855"},{"taxonomy":"product_tag","embeddable":true,"href":"https:\/\/bodegalosnadies.com\/en\/wp-json\/wp\/v2\/product_tag?post=5855"}],"curies":[{"name":"wp","href":"https:\/\/api.w.org\/{rel}","templated":true}]}}