{"id":5828,"date":"2023-12-27T18:40:30","date_gmt":"2023-12-27T18:40:30","guid":{"rendered":"https:\/\/bodegalosnadies.com\/?post_type=product&#038;p=5828"},"modified":"2025-03-08T11:48:16","modified_gmt":"2025-03-08T11:48:16","slug":"rosado-barrica-2023","status":"publish","type":"product","link":"https:\/\/bodegalosnadies.com\/en\/product\/rosado-barrica-2023\/","title":{"rendered":"ROSADO BARRICA 2023"},"content":{"rendered":"<div class=\"vc_row wpb_row vc_row-fluid\"><div class=\"wpb_column vc_column_container vc_col-sm-12\"><div class=\"vc_column-inner\"><div class=\"wpb_wrapper\">\n\t<div class=\"title-subtitle-box\" style=\" text-align: left;\">\n\t\t<div class=\"box-description\"><p class=\"p1\"><span style=\"font-weight: 400\">El sangrado de las extracciones de la cosecha 2023 de Tannat y Merlot se introdujo en una barrica de roble de 225L donde co ferment\u00f3, para luego pasar directamente de la barrica a la botella. El cuidado en la higiene para lograr un vino tan \u00fanico, a partir de un proceso tan simple, fue monumental.<\/span><\/p>\n<p class=\"p1\"><span class=\"s1\">Resultado:<\/span><\/p>\n<p><span style=\"font-weight: 400\">Los Nadies Bodega Almac\u00e9n presenta un cautivador rosado elaborado con precisi\u00f3n y fineza. Esta mezcla de Tannat y Merlot, fermentada meticulosamente en barricas Saury, despliega una intrigante narrativa sensorial.<\/span><\/p>\n<p><span style=\"font-weight: 400\">En nariz, el vino revela una interacci\u00f3n de frutos rojos, con el robusto Tannat aportando sutiles notas de mora y una terrosidad matizada. El Merlot, por otro lado, introduce delicadas notas florales y un susurro de frutillas maduras.<\/span><\/p>\n<p><span style=\"font-weight: 400\">El paladar es un armonioso baile de texturas. Los taninos bien estructurados de la uva Tannat brindan una s\u00f3lida estructura, mientras que el Merlot aporta una suavidad aterciopelada que acaricia las papilas gustativas. La fermentaci\u00f3n en barricas Saury imprime una elegante presencia de roble, entrelaz\u00e1ndose sin esfuerzo en el perfil de sabor.<\/span><\/p>\n<p><span style=\"font-weight: 400\">Este rosado, es un testimonio de la destreza de Los Nadies Bodega Almac\u00e9n. Invita a los conocedores a saborear su complejidad, convirti\u00e9ndolo en una elecci\u00f3n exquisita para aquellos que aprecian la sinfon\u00eda de sabores y texturas en un vino verdaderamente excepcional.<\/span><\/p>\n<p class=\"p1\"><span class=\"s1\">The bottles contain sediment due to the simplicity by which they were bottled. If the bottle is shaken, it will cloud for a few minutes, until the sediments sit once again at the bottom of the bottle.<\/span><\/p>\n<\/div>\n\t<\/div> <\/div><\/div><\/div><\/div><div class=\"vc_row wpb_row vc_row-fluid\"><div class=\"wpb_column vc_column_container vc_col-sm-12\"><div class=\"vc_column-inner\"><div class=\"wpb_wrapper\"><div class=\"vc_empty_space\"   style=\"height: 50px\"><span class=\"vc_empty_space_inner\"><\/span><\/div>\n\t<div class=\"gg-special-button-wrapper  special-button-align-center special-button-style-btn-primary\"><a class=\"btn btn-primary\" href=\"https:\/\/bodegalosnadies.com\/en\/tienda\/\" title=\"BACK TO STORE\" target=\"_self\">BACK TO STORE<\/a><\/div><\/div><\/div><\/div><\/div>","protected":false},"excerpt":{"rendered":"<div class=\"page\" title=\"Page 1\">\n<div class=\"section\">\n<div class=\"layoutArea\">\n<div class=\"column\">\n<p class=\"p1\"><span class=\"s1\">A strong gastronomic ros\u00e9 that reflects Los Nadies' personality and strength.<\/span><\/p>\n<p>&nbsp;<\/p>\n<\/div>\n<\/div>\n<\/div>\n<\/div>","protected":false},"featured_media":4388,"template":"","meta":[],"product_cat":[39,32],"product_tag":[],"_links":{"self":[{"href":"https:\/\/bodegalosnadies.com\/en\/wp-json\/wp\/v2\/product\/5828"}],"collection":[{"href":"https:\/\/bodegalosnadies.com\/en\/wp-json\/wp\/v2\/product"}],"about":[{"href":"https:\/\/bodegalosnadies.com\/en\/wp-json\/wp\/v2\/types\/product"}],"wp:featuredmedia":[{"embeddable":true,"href":"https:\/\/bodegalosnadies.com\/en\/wp-json\/wp\/v2\/media\/4388"}],"wp:attachment":[{"href":"https:\/\/bodegalosnadies.com\/en\/wp-json\/wp\/v2\/media?parent=5828"}],"wp:term":[{"taxonomy":"product_cat","embeddable":true,"href":"https:\/\/bodegalosnadies.com\/en\/wp-json\/wp\/v2\/product_cat?post=5828"},{"taxonomy":"product_tag","embeddable":true,"href":"https:\/\/bodegalosnadies.com\/en\/wp-json\/wp\/v2\/product_tag?post=5828"}],"curies":[{"name":"wp","href":"https:\/\/api.w.org\/{rel}","templated":true}]}}