{"id":5759,"date":"2022-09-01T20:20:51","date_gmt":"2022-09-01T20:20:51","guid":{"rendered":"https:\/\/bodegalosnadies.com\/?post_type=product&#038;p=5759"},"modified":"2024-12-05T02:15:21","modified_gmt":"2024-12-05T02:15:21","slug":"orujo-de-reserva","status":"publish","type":"product","link":"https:\/\/bodegalosnadies.com\/en\/product\/orujo-de-reserva\/","title":{"rendered":"ORUJO DE RESERVA (Reserved Eau de Vie)"},"content":{"rendered":"<div class=\"vc_row wpb_row vc_row-fluid\"><div class=\"wpb_column vc_column_container vc_col-sm-12\"><div class=\"vc_column-inner\"><div class=\"wpb_wrapper\">\n\t<div class=\"title-subtitle-box\" style=\" text-align: left;\">\n\t\t<div class=\"box-description\"><p class=\"p1\"><span class=\"s1\">Keeping the ancient Galician traditions, this liquor is produced by collecting aromatic substances that are left in the grape skin. As these are highly volatile components, they are carefully selected by means of evaporation and subsequent condensation. Fresh marc is triple-distilled. First in a copper still, then followed by a second and third distillation, in stainless steel still. It is then cut in order to achieve its desired taste with underground water. For the last instance, it is aged in barrels, French and American oak of first use, for two years <\/span>Por \u00faltimo tuvo un pasaje en barricas, de roble franc\u00e9s y americano de primer uso, por dos a\u00f1os<\/p>\n<p class=\"p1\"><span class=\"s1\">It is served at -15 C, as an after-dinner drink, either in a tulip glass or as a shot.<\/span><\/p>\n<\/div>\n\t<\/div> <\/div><\/div><\/div><\/div><div class=\"vc_row wpb_row vc_row-fluid\"><div class=\"wpb_column vc_column_container vc_col-sm-12\"><div class=\"vc_column-inner\"><div class=\"wpb_wrapper\"><div class=\"vc_empty_space\"   style=\"height: 50px\"><span class=\"vc_empty_space_inner\"><\/span><\/div>\n\t<div class=\"gg-special-button-wrapper  special-button-align-center special-button-style-btn-primary\"><a class=\"btn btn-primary\" href=\"https:\/\/bodegalosnadies.com\/en\/tienda\/\" title=\"BACK TO STORE\" target=\"_self\">BACK TO STORE<\/a><\/div><\/div><\/div><\/div><\/div>","protected":false},"excerpt":{"rendered":"<div class=\"page\" title=\"Page 1\">\n<div class=\"section\">\n<div class=\"layoutArea\">\n<div class=\"column\">\n<p>Original Idea: merging Galicia, Uruguay and France in a botlle. During the process, Eau de vie is created with a Tannat basis, and then is aged for 2 year in oak barrels.<\/p>\n<\/div>\n<\/div>\n<\/div>\n<\/div>","protected":false},"featured_media":5764,"template":"","meta":[],"product_cat":[32],"product_tag":[],"_links":{"self":[{"href":"https:\/\/bodegalosnadies.com\/en\/wp-json\/wp\/v2\/product\/5759"}],"collection":[{"href":"https:\/\/bodegalosnadies.com\/en\/wp-json\/wp\/v2\/product"}],"about":[{"href":"https:\/\/bodegalosnadies.com\/en\/wp-json\/wp\/v2\/types\/product"}],"wp:featuredmedia":[{"embeddable":true,"href":"https:\/\/bodegalosnadies.com\/en\/wp-json\/wp\/v2\/media\/5764"}],"wp:attachment":[{"href":"https:\/\/bodegalosnadies.com\/en\/wp-json\/wp\/v2\/media?parent=5759"}],"wp:term":[{"taxonomy":"product_cat","embeddable":true,"href":"https:\/\/bodegalosnadies.com\/en\/wp-json\/wp\/v2\/product_cat?post=5759"},{"taxonomy":"product_tag","embeddable":true,"href":"https:\/\/bodegalosnadies.com\/en\/wp-json\/wp\/v2\/product_tag?post=5759"}],"curies":[{"name":"wp","href":"https:\/\/api.w.org\/{rel}","templated":true}]}}