{"id":5438,"date":"2020-11-16T17:53:50","date_gmt":"2020-11-16T17:53:50","guid":{"rendered":"https:\/\/bodegalosnadies.com\/?page_id=5438"},"modified":"2023-12-27T22:06:48","modified_gmt":"2023-12-27T22:06:48","slug":"contacto-2-2","status":"publish","type":"page","link":"https:\/\/bodegalosnadies.com\/en\/contacto-2-2\/","title":{"rendered":"Visitas 2023-2024"},"content":{"rendered":"<div class=\"vc_row wpb_row vc_row-fluid vc_custom_1557917786113 vc_row-has-fill\"><div class=\"wpb_column vc_column_container vc_col-sm-12\"><div class=\"vc_column-inner\"><div class=\"wpb_wrapper\">\n\t<div class=\"title-subtitle-box  vc_custom_1703714320329\" style=\" text-align: center;\">\n\t\t<h3 style=\" font-style: normal;\" class=\"special-title\" >Informaci\u00f3n de Visitas - 2023\/2024<\/h3>\n\t\t<span class=\"gg-horizontal-line\"  ><\/span>\n\t<\/div> <div class=\"vc_row wpb_row vc_inner vc_row-fluid\"><div class=\"wpb_column vc_column_container vc_col-sm-2\"><div class=\"vc_column-inner\"><div class=\"wpb_wrapper\"><\/div><\/div><\/div><div class=\"wpb_column vc_column_container vc_col-sm-8\"><div class=\"vc_column-inner\"><div class=\"wpb_wrapper\">\n\t<div class=\"wpb_text_column wpb_content_element\" >\n\t\t<div class=\"wpb_wrapper\">\n\t\t\t<p><b>Encuentro \u00cdntimo con el Tannat: Descubriendo el alma vitivin\u00edcola de Uruguay junto a los due\u00f1os de Los Nadies<\/b><\/p>\n<p>Sum\u00e9rjase en una experiencia vitivin\u00edcola excepcional en Los Nadies Bodega Almac\u00e9n. Con el due\u00f1o de la bodega como gu\u00eda, descubrir\u00e1 las ra\u00edces del Tannat en Uruguay y su conexi\u00f3n con la cultura guaran\u00ed. Deguste vinos con historia y car\u00e1cter \u00fanicos, acompa\u00f1ados de una cuidada selecci\u00f3n de productos locales en una experiencia de 2,5 horas.<\/p>\n<p><em>Detalles:<\/em><\/p>\n<p>Capacidad: 3-8 personas<\/p>\n<p>Reservations: 24 hours in advance<\/p>\n<p><b>Una cena para el recuerdo: de los Guaran\u00edes al Tannat<\/b><\/p>\n<p>Descubra una experiencia vitivin\u00edcola \u00fanica en Los Nadies Bodega Almac\u00e9n, guiada por el due\u00f1o de la bodega, 4ta generaci\u00f3n de bodegueros uruguayos. Graduado como Ingeniero Agr\u00f3nomo y con experiencia enol\u00f3gica en Burdeos, su pasi\u00f3n y conocimiento le sumergir\u00e1n en las ra\u00edces culturales, hist\u00f3ricas y gastron\u00f3micas del Tannat en Uruguay, estableciendo su conexi\u00f3n con la cultura guaran\u00ed.<\/p>\n<p>La visita incluye una experiencia culinaria aut\u00e9ntica en la casa familiar, donde disfrutar\u00e1 de un men\u00fa maridado con los vinos hist\u00f3ricos de Los Nadies. Comparta la mesa con los due\u00f1os de la bodega, quienes le brindar\u00e1n una c\u00e1lida bienvenida, compartiendo historias \u00edntimas y an\u00e9cdotas sobre su legado enol\u00f3gico.<\/p>\n<p><em>Detalles:<\/em><\/p>\n<p>Capacidad: 3-8 personas<\/p>\n<p>Reservations: 24 hours in advance<\/p>\n<p>Duraci\u00f3n: 3,5 horas<\/p>\n\n\t\t<\/div>\n\t<\/div>\n<div class=\"vc_empty_space\"   style=\"height: 30px\"><span class=\"vc_empty_space_inner\"><\/span><\/div><\/div><\/div><\/div><div class=\"wpb_column vc_column_container vc_col-sm-2\"><div class=\"vc_column-inner\"><div class=\"wpb_wrapper\"><\/div><\/div><\/div><\/div><\/div><\/div><\/div><\/div>","protected":false},"excerpt":{"rendered":"Informaci\u00f3n de Visitas - 2023\/2024 Encuentro \u00cdntimo con el Tannat: Descubriendo el alma vitivin\u00edcola de Uruguay junto a los due\u00f1os de Los Nadies Sum\u00e9rjase en una experiencia vitivin\u00edcola excepcional en<p class=\"more-link-wrapper\"><a class=\"btn btn-primary\" href=\"https:\/\/bodegalosnadies.com\/en\/contacto-2-2\/\">Read More<\/a><\/p>","protected":false},"author":2,"featured_media":5439,"parent":0,"menu_order":0,"comment_status":"closed","ping_status":"closed","template":"","meta":[],"_links":{"self":[{"href":"https:\/\/bodegalosnadies.com\/en\/wp-json\/wp\/v2\/pages\/5438"}],"collection":[{"href":"https:\/\/bodegalosnadies.com\/en\/wp-json\/wp\/v2\/pages"}],"about":[{"href":"https:\/\/bodegalosnadies.com\/en\/wp-json\/wp\/v2\/types\/page"}],"author":[{"embeddable":true,"href":"https:\/\/bodegalosnadies.com\/en\/wp-json\/wp\/v2\/users\/2"}],"replies":[{"embeddable":true,"href":"https:\/\/bodegalosnadies.com\/en\/wp-json\/wp\/v2\/comments?post=5438"}],"version-history":[{"count":37,"href":"https:\/\/bodegalosnadies.com\/en\/wp-json\/wp\/v2\/pages\/5438\/revisions"}],"predecessor-version":[{"id":5835,"href":"https:\/\/bodegalosnadies.com\/en\/wp-json\/wp\/v2\/pages\/5438\/revisions\/5835"}],"wp:featuredmedia":[{"embeddable":true,"href":"https:\/\/bodegalosnadies.com\/en\/wp-json\/wp\/v2\/media\/5439"}],"wp:attachment":[{"href":"https:\/\/bodegalosnadies.com\/en\/wp-json\/wp\/v2\/media?parent=5438"}],"curies":[{"name":"wp","href":"https:\/\/api.w.org\/{rel}","templated":true}]}}