{"id":5119,"date":"2020-10-21T14:44:15","date_gmt":"2020-10-21T14:44:15","guid":{"rendered":"https:\/\/bodegalosnadies.com\/?page_id=5119"},"modified":"2022-05-16T16:51:18","modified_gmt":"2022-05-16T16:51:18","slug":"bodega_comercializacion","status":"publish","type":"page","link":"https:\/\/bodegalosnadies.com\/en\/bodega_comercializacion\/","title":{"rendered":"Winery"},"content":{"rendered":"<div data-vc-full-width=\"true\" data-vc-full-width-init=\"false\" class=\"vc_row wpb_row vc_row-fluid vc_custom_1599672526195 vc_row-has-fill\"><div class=\"wpb_column vc_column_container vc_col-sm-12\"><div class=\"vc_column-inner\"><div class=\"wpb_wrapper\"><\/div><\/div><\/div><\/div><div class=\"vc_row-full-width vc_clearfix\"><\/div><div data-vc-full-width=\"true\" data-vc-full-width-init=\"false\" class=\"vc_row wpb_row vc_row-fluid vc_custom_1603291486809 vc_row-has-fill vc_row-o-equal-height vc_row-o-content-middle vc_row-flex\"><div class=\"wpb_column vc_column_container vc_col-sm-6\"><div class=\"vc_column-inner vc_custom_1605027614925\"><div class=\"wpb_wrapper\"><div class=\"wpb_gmaps_widget wpb_content_element\"><div class=\"wpb_wrapper\"><div class=\"wpb_map_wraper\"><iframe src=\"https:\/\/www.google.com\/maps\/embed?pb=!1m18!1m12!1m3!1d3273.6235636733654!2d-56.208329883780934!3d-34.86568488039233!2m3!1f0!2f0!3f0!3m2!1i1024!2i768!4f13.1!3m3!1m2!1s0x95a1d5537708e89d%3A0xe567b475982213c!2sLos%20Nadies%20Bodega%20Almac%C3%A9n!5e0!3m2!1ses!2suy!4v1592604364073!5m2!1ses!2suy\" width=\"600\" height=\"200\" frameborder=\"0\" style=\"border:0;\" allowfullscreen=\"\" aria-hidden=\"false\" tabindex=\"0\"><\/iframe><\/div><\/div><\/div><\/div><\/div><\/div><div class=\"wpb_column vc_column_container vc_col-sm-6 vc_col-has-fill\"><div class=\"vc_column-inner vc_custom_1605027708069\"><div class=\"wpb_wrapper\">\n\t<div class=\"title-subtitle-box\" style=\" text-align: left;\">\n\t\t<h2 style=\" font-style: normal;\" class=\"special-title\" >Winery<\/h2>\n\t\t<span class=\"gg-horizontal-line\"  ><\/span>\n\t\t<div class=\"box-description\"><p class=\"p1\"><span class=\"s1\">The winery is equipped to produce 11.000 liters of traditionally-made wine, using Grandpa Manuel's manual press, a Bertolaso wine-corking machine from the 60s and concrete wine tanks. We have learned to produce wine in a city with all the limitations. Our waste production, as well as the air and noise pollution, are kept to a minimum. Electricity consumption, water, and sanitation must be hyper-efficient.<\/span><\/p>\n<p class=\"p3\"><span class=\"s1\">We work for the urban winery to facilitate the access to our wines and connect us with the neighbors.<\/span><\/p>\n<\/div>\n\t<\/div> <\/div><\/div><\/div><\/div><div class=\"vc_row-full-width vc_clearfix\"><\/div><div data-vc-full-width=\"true\" data-vc-full-width-init=\"false\" class=\"vc_row wpb_row vc_row-fluid vc_custom_1604626665849 vc_row-has-fill vc_column-gap-35 vc_row-o-equal-height vc_row-o-content-middle vc_row-flex\"><div class=\"wpb_column vc_column_container vc_col-sm-8\"><div class=\"vc_column-inner vc_custom_1556998344355\"><div class=\"wpb_wrapper\">\n\t<div class=\"title-subtitle-box\" style=\" text-align: right;\">\n\t\t<div class=\"box-description\"><h6 class=\"p1\" style=\"text-align: right;\"><span class=\"s1\">We work for those who thrive on the magic of simplicity and discover perfection in each detail. To appreciate these \u201cgifts of nature\u201d a ritual born from serenity as a way of life is necessary. For those who take pleasure in gastronomy, they will find in these wines an excursion to a world of sensations.<\/span><\/h6>\n<\/div>\n\t<\/div> <\/div><\/div><\/div><div class=\"wpb_column vc_column_container vc_col-sm-4\"><div class=\"vc_column-inner\"><div class=\"wpb_wrapper\">\n\t<div  class=\"wpb_single_image wpb_content_element vc_align_center\">\n\t\t\n\t\t<figure class=\"wpb_wrapper vc_figure\">\n\t\t\t<div class=\"vc_single_image-wrapper   vc_box_border_grey\"><img width=\"819\" height=\"1024\" src=\"https:\/\/bodegalosnadies.com\/wp-content\/uploads\/2020\/06\/DSC00165-819x1024.jpg\" class=\"vc_single_image-img attachment-large\" alt=\"\" loading=\"lazy\" srcset=\"https:\/\/bodegalosnadies.com\/wp-content\/uploads\/2020\/06\/DSC00165-819x1024.jpg 819w, https:\/\/bodegalosnadies.com\/wp-content\/uploads\/2020\/06\/DSC00165-240x300.jpg 240w, https:\/\/bodegalosnadies.com\/wp-content\/uploads\/2020\/06\/DSC00165-768x960.jpg 768w, https:\/\/bodegalosnadies.com\/wp-content\/uploads\/2020\/06\/DSC00165.jpg 1080w\" sizes=\"(max-width: 819px) 100vw, 819px\" \/><\/div>\n\t\t<\/figure>\n\t<\/div>\n<\/div><\/div><\/div><\/div><div class=\"vc_row-full-width vc_clearfix\"><\/div><div data-vc-full-width=\"true\" data-vc-full-width-init=\"false\" class=\"vc_row wpb_row vc_row-fluid vc_custom_1604344057958 vc_row-has-fill vc_column-gap-20 vc_row-o-equal-height vc_row-o-content-middle vc_row-flex\"><div class=\"wpb_column vc_column_container vc_col-sm-12\"><div class=\"vc_column-inner vc_custom_1556998344355\"><div class=\"wpb_wrapper\">\n\t<div class=\"title-subtitle-box\" style=\" text-align: center;\">\n\t\t<h2 style=\" font-style: normal;\" class=\"special-title\" >How do we commercialize?<\/h2>\n\t\t<div class=\"box-description\"><h5 class=\"p1 translation-block\" style=\"text-align: center;\">Directly to the public and straight to the final consumer. We want to meet our customers and establish a connection, in Uruguay, as well as abroad.<\/h5>\n<h4><\/h4>\n<h4 class=\"p1\"><\/h4>\n<\/div>\n\t<\/div> <\/div><\/div><\/div><\/div><div class=\"vc_row-full-width vc_clearfix\"><\/div><div class=\"vc_row wpb_row vc_row-fluid vc_custom_1604344065867 vc_column-gap-10 vc_row-o-content-top vc_row-flex\"><div class=\"wpb_column vc_column_container vc_col-sm-6\"><div class=\"vc_column-inner\"><div class=\"wpb_wrapper\">\n\t<div class=\"title-subtitle-box\" style=\" text-align: left;\">\n\t\t<div class=\"box-description\"><h3 class=\"p1\"><span class=\"s1\">Uruguay<\/span><\/h3>\n<p class=\"p1\"><span class=\"s1\">At the Urban Winery, there is a wine warehouse where you can always discover something new. Come, between 8:30 and 16:30 or simply let us know outside that time frame and we will look forward to meeting you.<\/span><\/p>\n<p class=\"p1\"><span class=\"s1\">We also deliver on Wednesdays and Fridays in Montevideo, from Punta Gorda to the West and on Thursdays, from Punta Gorda to the East. To areas outside the capital city, we deliver through DAC. We require at least a day in advance.<br \/>\n<\/span><span class=\"s1\">We invite acquaintances to visit the <a href=\"https:\/\/bodegalosnadies.com\/en\/tienda\/\">Online Store<\/a><\/span><\/p>\n<p class=\"p1\"><span class=\"s1\">We meticulously select those who represent us.<br \/>\n<strong>We are found in places where our passion and philosophy are shared, and where the story behind each bottle is told\nYou can find us exclusively at:<\/strong><\/span><\/p>\n<h3 class=\"p1\"><span class=\"s1\">Montevideo:<\/span><\/h3>\n<p class=\"p2\"><span class=\"s1\">Es Mercat was the first place to put their trust in us, where Roberto, Lili and Facundo will treat you like home. There, you will find a gathering of parishioners and foreign residents, and visitors. A classic spot at Montevideo's Ciudad Vieja.<\/span><\/p>\n<p class=\"p3\"><span class=\"s2\"> <a href=\"https:\/\/esmercat.com.uy\/\"><span class=\"s3\">https:\/\/esmercat.com.uy\/<\/span><\/a><\/span><\/p>\n<p class=\"p1\"><span class=\"s1\"> Baco has the most demanding wine list in Montevideo. Under the guidance of Sophie and Mat\u00edas, the entire staff at Baco is a pleasure to meet. Gastronomy is carefully curated, it is a brightly illuminated place that also has the vast advantage of being always open, 365 days a year, from noon to midnight. Located in Punta Carretas, half a block away from the promenade. <a href=\"http:\/\/bacobistro.com\/\"><span class=\"s3\">http:\/\/bacobistro.com\/<\/span><\/a> <\/span><\/p>\n<p class=\"p1\"><span class=\"s1\">Verne, a designer restaurant of urban industrial style, located near the eastern outskirts of Montevideo and managed by a group of affectionate people. Fine dining, signature cocktails and a caf\u00e9. An excellent symmetry between warmth, design, gastronomy and nature, situated on the promenade at the very entrance of Ciudad de la Costa. <a href=\"https:\/\/www.vernerestaurante.com.uy\/\"><span class=\"s3\">https:\/\/www.vernerestaurante.com.uy\/<\/span><\/a> <\/span><\/p>\n<p class=\"p1\"><span class=\"s1\"> Vinbutik, a place where Julio Gonz\u00e1lez, a friend, will guide you through Spanish culture and its wines, and at special request, some Uruguayan wines too. Knock on his door on our behalf, and he will wholeheartedly welcome you in. Located in Pocitos <a href=\"https:\/\/www.vinbutik.uy\/\"><span class=\"s3\">https:\/\/www.vinbutik.uy\/<\/span><\/a> <\/span><\/p>\n<p class=\"p2\"><span class=\"s1\">Montevideo Wine Experience. Across Es Mercat, Nicol\u00e1s, its owner, will give you a taste of the different Uruguayan wineries. The duo Es Mercat-MWE is unbeatable.<\/span><\/p>\n<p class=\"p2\"><span class=\"s1\">Teluria, in the basements of the library Puro Verso lies a little secret. Located in El Centro de Montevideo, Juan, its owner, is a meticulous, perfectionist person, who loves what he does. <a href=\"http:\/\/www.teluria.com.uy\/nosotros.html\"><span class=\"s3\">http:\/\/www.teluria.com.uy\/nosotros.html<\/span><\/a> <\/span><\/p>\n<p class=\"p1\"><span class=\"s1\"> Del Campo. Tom\u00e1s and Gast\u00f3n will marvelously attend you at their Gourmet Butcher Shop. If you are thinking of preparing a barbecue over the weekend, this is the place to go. They also offer a selection of wines. Located in Parque Rod\u00f3.<span class=\"Apple-converted-space\">\u00a0 <\/span>Parque Rod\u00f3.<\/span><\/p>\n<\/div>\n\t<\/div> <\/div><\/div><\/div><div class=\"wpb_column vc_column_container vc_col-sm-6\"><div class=\"vc_column-inner\"><div class=\"wpb_wrapper\">\n\t<div class=\"title-subtitle-box\" style=\" text-align: left;\">\n\t\t<div class=\"box-description\"><p>Alquimista, Hotel Bistr\u00f3, A restaurant with accommodations located at a house built in 1923, in the suburb of Carrasco. Home cooked meals of the highest quality, using the very best seasonal local products. www.alquimistamontevideo.com<\/p>\n<p>Puerta de Hierro, Wine and Italian-style Gourmet Food Store, in Carrasco.<br \/>\nInstagram: <a href=\"http:\/\/instagram.com\/@puertadahierrowines_uruguay\">@puertadahierrowines_uruguay<\/a><\/p>\n<p class=\" translation-block\">Araz\u00e1 Bistr\u00f3, Cocina Nativa.\nAvenida Agraciada 3789.\nPhone: 099003265<\/p>\n<h3 class=\"p1\"><span class=\"s1\">Maldonado:<\/span><\/h3>\n<p class=\"p1\"><span class=\"s1\"> Kraken. Overlooking the R\u00edo de la Plata estuary water, an excellent pasta restaurant takes place. Located in Punta Fr\u00eda, Piri\u00e1polis <a href=\"https:\/\/m.facebook.com\/KRAKENRestaurante\"><span class=\"s3\">https:\/\/m.facebook.com\/KRAKENRestaurante<\/span><\/a> <\/span><\/p>\n<p class=\"p1\"><span class=\"s1\"> Sal\u00f3n #3. This hidden gem is located, and perfectly decorated, within an antique store. The majority of its clientele are locals who repeat their visit over and over again. Gonzalo in the kitchen and Paola in the dining room, will make you feel at home through their care and professionalism. It is one of those secluded well-kept secrets where the quality: price correlation is incredible. <a href=\"https:\/\/guruguay.com\/salon-no-3-la-barra-restaurant\/\"><span class=\"s3\">https:\/\/guruguay.com\/salon-no-3-la-barra-restaurant\/<\/span><\/a> <\/span><\/p>\n<p class=\"p1\"><span class=\"s1\"> Proveedur\u00eda. Catalina and Juan will open their doors to a world of local products, carefully selected with professionalism. It is an ideal place to fill oneself with nature, wisdom, and health, presented through dishes. Manantiales.<\/span><\/p>\n<p class=\"p3\"><span class=\"s2\"> <a href=\"https:\/\/www.instagram.com\/laproveeduriauy\/\"><span class=\"s3\">https:\/\/www.instagram.com\/laproveeduriauy\/<\/span><\/a><\/span><\/p>\n<\/div>\n\t<\/div> <div class=\"vc_empty_space\"   style=\"height: 32px\"><span class=\"vc_empty_space_inner\"><\/span><\/div>\n\t<div class=\"wpb_text_column wpb_content_element\" >\n\t\t<div class=\"wpb_wrapper\">\n\t\t\t<h4>Exports<\/h4>\n\n\t\t<\/div>\n\t<\/div>\n\n\t<div  class=\"wpb_single_image wpb_content_element vc_align_left\">\n\t\t\n\t\t<figure class=\"wpb_wrapper vc_figure\">\n\t\t\t<div class=\"vc_single_image-wrapper   vc_box_border_grey\"><img class=\"vc_single_image-img\" src=\"https:\/\/bodegalosnadies.com\/wp-content\/uploads\/2020\/10\/japan-50x50.png\" width=\"50\" height=\"50\" alt=\"japan\" title=\"japan\" \/><\/div>\n\t\t<\/figure>\n\t<\/div>\n\n\t<div class=\"title-subtitle-box\" style=\" text-align: left;\">\n\t\t<div class=\"box-description\"><h5><span class=\"s4\">Jap\u00f3n:<\/span><\/h5>\n<p class=\"p1 translation-block\">A life story connects us with this delicate and refined culture. We export, looking forward to finding through wine, the link that would allow us to travel annually, fostering a sense of belonging to Japanese culture. We have found in Japan a tradition of hard work, order, and respect that might balance out our free and effusive Latin-American nature. The perfectionist Japanese market compels us to persistently improve our work efforts. Our main objective is that our family interacts with Japan, gathering every positive aspect of their culture.<\/p>\n<p class=\"p1\"><span class=\"s1\">In order to obtain our wines in Japan, you need to contact Townie, our importer. <a href=\"https:\/\/www.towineclub.com\/\"><span class=\"s3\">https:\/\/www.towineclub.com\/<\/span><\/a>\u00a0<\/span><\/p>\n<\/div>\n\t<\/div> <div class=\"vc_empty_space\"   style=\"height: 32px\"><span class=\"vc_empty_space_inner\"><\/span><\/div>\n\t<div  class=\"wpb_single_image wpb_content_element vc_align_left\">\n\t\t\n\t\t<figure class=\"wpb_wrapper vc_figure\">\n\t\t\t<div class=\"vc_single_image-wrapper   vc_box_border_grey\"><img class=\"vc_single_image-img\" src=\"https:\/\/bodegalosnadies.com\/wp-content\/uploads\/2020\/10\/australia-50x50.png\" width=\"50\" height=\"50\" alt=\"australia\" title=\"australia\" \/><\/div>\n\t\t<\/figure>\n\t<\/div>\n\n\t<div class=\"title-subtitle-box\" style=\" text-align: left;\">\n\t\t<div class=\"box-description\"><h5><span class=\"s4\">Australia:<\/span><\/h5>\n<p class=\"p1\"><span class=\"s1\">Our friends Dave and Michelle were the first to introduce Tannat and Malbec in Australia. We have forged with them a strong friendship that goes beyond wine. They have even traveled to Uruguay to produce wine with us. <a href=\"https:\/\/www.captainsoftrade.com.au\/\"><span class=\"s3\">https:\/\/www.captainsoftrade.com.au\/<\/span><\/a><\/span><\/p>\n<\/div>\n\t<\/div> <\/div><\/div><\/div><\/div>","protected":false},"excerpt":{"rendered":"Bodega La bodega est\u00e1 equipada para producir 11.000 litros de vino de forma tradicional: la prensa manual del abuelo Manuel, una encorchadora Bertolaso de los a\u00f1os 60, piletas de hormig\u00f3n.<p class=\"more-link-wrapper\"><a class=\"btn btn-primary\" href=\"https:\/\/bodegalosnadies.com\/en\/bodega_comercializacion\/\">Read More<\/a><\/p>","protected":false},"author":2,"featured_media":0,"parent":0,"menu_order":0,"comment_status":"closed","ping_status":"closed","template":"","meta":[],"_links":{"self":[{"href":"https:\/\/bodegalosnadies.com\/en\/wp-json\/wp\/v2\/pages\/5119"}],"collection":[{"href":"https:\/\/bodegalosnadies.com\/en\/wp-json\/wp\/v2\/pages"}],"about":[{"href":"https:\/\/bodegalosnadies.com\/en\/wp-json\/wp\/v2\/types\/page"}],"author":[{"embeddable":true,"href":"https:\/\/bodegalosnadies.com\/en\/wp-json\/wp\/v2\/users\/2"}],"replies":[{"embeddable":true,"href":"https:\/\/bodegalosnadies.com\/en\/wp-json\/wp\/v2\/comments?post=5119"}],"version-history":[{"count":55,"href":"https:\/\/bodegalosnadies.com\/en\/wp-json\/wp\/v2\/pages\/5119\/revisions"}],"predecessor-version":[{"id":5688,"href":"https:\/\/bodegalosnadies.com\/en\/wp-json\/wp\/v2\/pages\/5119\/revisions\/5688"}],"wp:attachment":[{"href":"https:\/\/bodegalosnadies.com\/en\/wp-json\/wp\/v2\/media?parent=5119"}],"curies":[{"name":"wp","href":"https:\/\/api.w.org\/{rel}","templated":true}]}}