{"id":4874,"date":"2020-09-09T17:24:04","date_gmt":"2020-09-09T17:24:04","guid":{"rendered":"https:\/\/bodegalosnadies.com\/?page_id=4874"},"modified":"2020-11-16T17:43:34","modified_gmt":"2020-11-16T17:43:34","slug":"vina","status":"publish","type":"page","link":"https:\/\/bodegalosnadies.com\/en\/vina\/","title":{"rendered":"The Vineyard"},"content":{"rendered":"<div data-vc-full-width=\"true\" data-vc-full-width-init=\"false\" class=\"vc_row wpb_row vc_row-fluid vc_custom_1599672526195 vc_row-has-fill\"><div class=\"wpb_column vc_column_container vc_col-sm-6\"><div class=\"vc_column-inner\"><div class=\"wpb_wrapper\"><\/div><\/div><\/div><div class=\"wpb_column vc_column_container vc_col-sm-6\"><div class=\"vc_column-inner\"><div class=\"wpb_wrapper\"><\/div><\/div><\/div><\/div><div class=\"vc_row-full-width vc_clearfix\"><\/div><div data-vc-full-width=\"true\" data-vc-full-width-init=\"false\" class=\"vc_row wpb_row vc_row-fluid vc_custom_1605547799384 vc_row-has-fill vc_row-o-equal-height vc_row-o-content-middle vc_row-flex\"><div class=\"wpb_column vc_column_container vc_col-sm-6\"><div class=\"vc_column-inner vc_custom_1605547787277\"><div class=\"wpb_wrapper\"><div class=\"wpb_gmaps_widget wpb_content_element\"><div class=\"wpb_wrapper\"><div class=\"wpb_map_wraper\"><iframe src=\"https:\/\/www.google.com\/maps\/embed?pb=!1m14!1m8!1m3!1d3290.572347755176!2d-56.3221382!3d-34.4376164!3m2!1i1024!2i768!4f13.1!3m3!1m2!1s0x95a1b1df249f235f%3A0x196b65d5ee89f028!2sLOS%20NADIES%20Bodega%20Almac%C3%A9n!5e0!3m2!1ses!2suy!4v1592427927290!5m2!1ses!2suy\" width=\"600\" height=\"200\" frameborder=\"0\" style=\"border:0;\" allowfullscreen=\"\" aria-hidden=\"false\" tabindex=\"0\"><\/iframe><\/div><\/div><\/div><\/div><\/div><\/div><div class=\"wpb_column vc_column_container vc_col-sm-6 vc_col-has-fill\"><div class=\"vc_column-inner vc_custom_1556998400528\"><div class=\"wpb_wrapper\">\n\t<div class=\"title-subtitle-box\" style=\" text-align: left;\">\n\t\t<h1 style=\" font-style: normal;\" class=\"special-title\" >The Vineyard<\/h1>\n\t\t<span class=\"gg-horizontal-line\"  ><\/span>\n\t\t<div class=\"box-description\"><h6 class=\"p1\"><span class=\"s1\">The vineyard is located in Cuchilla Verde, near the departamental border shared between Florida, San Jos\u00e9 and Canelones, 60 km north of Montevideo, in the Santa Lucia Valley.<\/span><\/h6>\n<\/div>\n\t<\/div> <\/div><\/div><\/div><\/div><div class=\"vc_row-full-width vc_clearfix\"><\/div><div data-vc-full-width=\"true\" data-vc-full-width-init=\"false\" class=\"vc_row wpb_row vc_row-fluid vc_custom_1604343900162 vc_row-has-fill vc_column-gap-30 vc_row-o-content-top vc_row-flex\"><div class=\"wpb_column vc_column_container vc_col-sm-6\"><div class=\"vc_column-inner vc_custom_1556998344355\"><div class=\"wpb_wrapper\">\n\t<div  class=\"wpb_single_image wpb_content_element vc_align_right\">\n\t\t\n\t\t<figure class=\"wpb_wrapper vc_figure\">\n\t\t\t<div class=\"vc_single_image-wrapper   vc_box_border_grey\"><img width=\"819\" height=\"1024\" src=\"https:\/\/bodegalosnadies.com\/wp-content\/uploads\/2020\/06\/DSC09242-819x1024.jpg\" class=\"vc_single_image-img attachment-large\" alt=\"\" loading=\"lazy\" srcset=\"https:\/\/bodegalosnadies.com\/wp-content\/uploads\/2020\/06\/DSC09242-819x1024.jpg 819w, https:\/\/bodegalosnadies.com\/wp-content\/uploads\/2020\/06\/DSC09242-240x300.jpg 240w, https:\/\/bodegalosnadies.com\/wp-content\/uploads\/2020\/06\/DSC09242-768x960.jpg 768w, https:\/\/bodegalosnadies.com\/wp-content\/uploads\/2020\/06\/DSC09242.jpg 1080w\" sizes=\"(max-width: 819px) 100vw, 819px\" \/><\/div>\n\t\t<\/figure>\n\t<\/div>\n\n\t<div class=\"title-subtitle-box\" style=\" text-align: right;\">\n\t\t<h3 style=\" font-style: normal;\" class=\"special-title\" >The vineyard reserved for Los Nadies:<\/h3>\n\t\t<div class=\"box-description\"><p class=\"p1\" style=\"text-align: right;\"><span class=\"s1\">Espalier Tannat: 2.5 m x 1 m over calcareous-clay soil<br \/>\n<\/span><span class=\"s1\">Espalier Merlot: 1.7 m x 1 m over calcareous-clay soil<br \/>\n<\/span><span class=\"s1\">1.4 ha. in total and produces approximately 8500 kg of grapes<\/span><\/p>\n<\/div>\n\t<\/div> <\/div><\/div><\/div><div class=\"wpb_column vc_column_container vc_col-sm-6\"><div class=\"vc_column-inner\"><div class=\"wpb_wrapper\">\n\t<div  class=\"wpb_single_image wpb_content_element vc_align_left\">\n\t\t\n\t\t<figure class=\"wpb_wrapper vc_figure\">\n\t\t\t<div class=\"vc_single_image-wrapper   vc_box_border_grey\"><img width=\"819\" height=\"1024\" src=\"https:\/\/bodegalosnadies.com\/wp-content\/uploads\/2020\/08\/DSC07114-819x1024.jpg\" class=\"vc_single_image-img attachment-large\" alt=\"\" loading=\"lazy\" srcset=\"https:\/\/bodegalosnadies.com\/wp-content\/uploads\/2020\/08\/DSC07114-819x1024.jpg 819w, https:\/\/bodegalosnadies.com\/wp-content\/uploads\/2020\/08\/DSC07114-240x300.jpg 240w, https:\/\/bodegalosnadies.com\/wp-content\/uploads\/2020\/08\/DSC07114-768x960.jpg 768w, https:\/\/bodegalosnadies.com\/wp-content\/uploads\/2020\/08\/DSC07114.jpg 1080w\" sizes=\"(max-width: 819px) 100vw, 819px\" \/><\/div>\n\t\t<\/figure>\n\t<\/div>\n\n\t<div class=\"title-subtitle-box\" style=\" text-align: left;\">\n\t\t<h3 style=\" font-style: normal;\" class=\"special-title\" >Bulk sale vineyard surface area<\/h3>\n\t\t<div class=\"box-description\"><p class=\"p1\"><span class=\"s1\">7 ha. of Merlot 3 m x 1 m<br \/>\n<\/span><span class=\"s1\">4.8 ha. of Sauvignon Blanc and Sauvignon Gray 3 m x 1 m<br \/>\n<\/span><span class=\"s1\">3 ha. of Cabernet Sauvignon 3m x 1 m<br \/>\n<\/span><span class=\"s1\">Cabernet Sauvignon 2.5m x 1 m<\/span><\/p>\n<\/div>\n\t<\/div> <\/div><\/div><\/div><\/div><div class=\"vc_row-full-width vc_clearfix\"><\/div><div data-vc-full-width=\"true\" data-vc-full-width-init=\"false\" class=\"vc_row wpb_row vc_row-fluid vc_custom_1604343939729 vc_row-has-fill vc_column-gap-10 vc_row-o-equal-height vc_row-o-content-middle vc_row-flex\"><div class=\"wpb_column vc_column_container vc_col-sm-12\"><div class=\"vc_column-inner vc_custom_1556998344355\"><div class=\"wpb_wrapper\"><div class=\"vc_row wpb_row vc_inner vc_row-fluid\"><div class=\"wpb_column vc_column_container vc_col-sm-4\"><div class=\"vc_column-inner\"><div class=\"wpb_wrapper\">\n\t<div  class=\"wpb_single_image wpb_content_element vc_align_center\">\n\t\t\n\t\t<figure class=\"wpb_wrapper vc_figure\">\n\t\t\t<div class=\"vc_single_image-wrapper   vc_box_border_grey\"><img width=\"576\" height=\"1024\" src=\"https:\/\/bodegalosnadies.com\/wp-content\/uploads\/2020\/10\/DSC08869-576x1024.jpg\" class=\"vc_single_image-img attachment-large\" alt=\"\" loading=\"lazy\" srcset=\"https:\/\/bodegalosnadies.com\/wp-content\/uploads\/2020\/10\/DSC08869-576x1024.jpg 576w, https:\/\/bodegalosnadies.com\/wp-content\/uploads\/2020\/10\/DSC08869-169x300.jpg 169w, https:\/\/bodegalosnadies.com\/wp-content\/uploads\/2020\/10\/DSC08869-768x1365.jpg 768w, https:\/\/bodegalosnadies.com\/wp-content\/uploads\/2020\/10\/DSC08869-864x1536.jpg 864w, https:\/\/bodegalosnadies.com\/wp-content\/uploads\/2020\/10\/DSC08869-1152x2048.jpg 1152w, https:\/\/bodegalosnadies.com\/wp-content\/uploads\/2020\/10\/DSC08869-scaled.jpg 1440w\" sizes=\"(max-width: 576px) 100vw, 576px\" \/><\/div>\n\t\t<\/figure>\n\t<\/div>\n<\/div><\/div><\/div><div class=\"wpb_column vc_column_container vc_col-sm-4\"><div class=\"vc_column-inner\"><div class=\"wpb_wrapper\"><div class=\"vc_empty_space\"   style=\"height: 32px\"><span class=\"vc_empty_space_inner\"><\/span><\/div>\n\t<div  class=\"wpb_single_image wpb_content_element vc_align_center\">\n\t\t\n\t\t<figure class=\"wpb_wrapper vc_figure\">\n\t\t\t<div class=\"vc_single_image-wrapper   vc_box_border_grey\"><img width=\"819\" height=\"1024\" src=\"https:\/\/bodegalosnadies.com\/wp-content\/uploads\/2020\/10\/DSC08993-819x1024.jpg\" class=\"vc_single_image-img attachment-large\" alt=\"\" loading=\"lazy\" srcset=\"https:\/\/bodegalosnadies.com\/wp-content\/uploads\/2020\/10\/DSC08993-819x1024.jpg 819w, https:\/\/bodegalosnadies.com\/wp-content\/uploads\/2020\/10\/DSC08993-240x300.jpg 240w, https:\/\/bodegalosnadies.com\/wp-content\/uploads\/2020\/10\/DSC08993-768x960.jpg 768w, https:\/\/bodegalosnadies.com\/wp-content\/uploads\/2020\/10\/DSC08993-1229x1536.jpg 1229w, https:\/\/bodegalosnadies.com\/wp-content\/uploads\/2020\/10\/DSC08993-1639x2048.jpg 1639w, https:\/\/bodegalosnadies.com\/wp-content\/uploads\/2020\/10\/DSC08993-scaled.jpg 2048w\" sizes=\"(max-width: 819px) 100vw, 819px\" \/><\/div>\n\t\t<\/figure>\n\t<\/div>\n<\/div><\/div><\/div><div class=\"wpb_column vc_column_container vc_col-sm-4\"><div class=\"vc_column-inner\"><div class=\"wpb_wrapper\"><div class=\"vc_empty_space\"   style=\"height: 150px\"><span class=\"vc_empty_space_inner\"><\/span><\/div>\n\t<div  class=\"wpb_single_image wpb_content_element vc_align_center\">\n\t\t\n\t\t<figure class=\"wpb_wrapper vc_figure\">\n\t\t\t<div class=\"vc_single_image-wrapper   vc_box_border_grey\"><img width=\"819\" height=\"1024\" src=\"https:\/\/bodegalosnadies.com\/wp-content\/uploads\/2020\/10\/DSC08840-819x1024.jpg\" class=\"vc_single_image-img attachment-large\" alt=\"\" loading=\"lazy\" srcset=\"https:\/\/bodegalosnadies.com\/wp-content\/uploads\/2020\/10\/DSC08840-819x1024.jpg 819w, https:\/\/bodegalosnadies.com\/wp-content\/uploads\/2020\/10\/DSC08840-240x300.jpg 240w, https:\/\/bodegalosnadies.com\/wp-content\/uploads\/2020\/10\/DSC08840-768x960.jpg 768w, https:\/\/bodegalosnadies.com\/wp-content\/uploads\/2020\/10\/DSC08840-1229x1536.jpg 1229w, https:\/\/bodegalosnadies.com\/wp-content\/uploads\/2020\/10\/DSC08840-1638x2048.jpg 1638w, https:\/\/bodegalosnadies.com\/wp-content\/uploads\/2020\/10\/DSC08840-scaled.jpg 2048w\" sizes=\"(max-width: 819px) 100vw, 819px\" \/><\/div>\n\t\t<\/figure>\n\t<\/div>\n<\/div><\/div><\/div><\/div>\n\t<div class=\"title-subtitle-box  vc_custom_1604343997131\" style=\" text-align: left;\">\n\t\t<div class=\"box-description\"><h5 class=\"p1\" style=\"text-align: center;\"><span class=\"s1\">The selfless daily workload flows according to nature's will.<\/span><\/h5>\n<h5 class=\"p1\" style=\"text-align: center;\"><span class=\"s1\">Pruning is done around a coiled rod and tied with wicker, in order to keep on with our manual traditions.\nIn the pre-flowering stage processes like early defoliation, thinning and disbudding are done. During the veraison stage, a second thinning instance takes place. Finally, after veraison leaf removal is followed by one last, corrective thinning. Branch trimming and pruning may be done periodically if it is needed. The time of harvest is decided by tasting the grapes daily and keeping up with the weather forecasts. It takes 1800 man-hours per hectare, along with daily climate uncertainty, to bear each manual harvest.<\/span><\/h5>\n<\/div>\n\t<\/div> <\/div><\/div><\/div><\/div><div class=\"vc_row-full-width vc_clearfix\"><\/div><div class=\"vc_row wpb_row vc_row-fluid vc_custom_1604344006937 vc_column-gap-20 vc_row-o-equal-height vc_row-o-content-middle vc_row-flex\"><div class=\"wpb_column vc_column_container vc_col-sm-6\"><div class=\"vc_column-inner vc_custom_1556998344355\"><div class=\"wpb_wrapper\">\n\t<div  class=\"wpb_single_image wpb_content_element vc_align_center\">\n\t\t\n\t\t<figure class=\"wpb_wrapper vc_figure\">\n\t\t\t<div class=\"vc_single_image-wrapper   vc_box_border_grey\"><img width=\"1024\" height=\"682\" src=\"https:\/\/bodegalosnadies.com\/wp-content\/uploads\/2020\/10\/WhatsApp-Image-2020-10-28-at-13.15.53-1024x682.jpeg\" class=\"vc_single_image-img attachment-large\" alt=\"\" loading=\"lazy\" srcset=\"https:\/\/bodegalosnadies.com\/wp-content\/uploads\/2020\/10\/WhatsApp-Image-2020-10-28-at-13.15.53-1024x682.jpeg 1024w, https:\/\/bodegalosnadies.com\/wp-content\/uploads\/2020\/10\/WhatsApp-Image-2020-10-28-at-13.15.53-300x200.jpeg 300w, https:\/\/bodegalosnadies.com\/wp-content\/uploads\/2020\/10\/WhatsApp-Image-2020-10-28-at-13.15.53-768x512.jpeg 768w, https:\/\/bodegalosnadies.com\/wp-content\/uploads\/2020\/10\/WhatsApp-Image-2020-10-28-at-13.15.53-1536x1023.jpeg 1536w, https:\/\/bodegalosnadies.com\/wp-content\/uploads\/2020\/10\/WhatsApp-Image-2020-10-28-at-13.15.53.jpeg 1600w\" sizes=\"(max-width: 1024px) 100vw, 1024px\" \/><\/div>\n\t\t<\/figure>\n\t<\/div>\n<\/div><\/div><\/div><div class=\"wpb_column vc_column_container vc_col-sm-6\"><div class=\"vc_column-inner\"><div class=\"wpb_wrapper\">\n\t<div class=\"title-subtitle-box\" style=\" text-align: left;\">\n\t\t<div class=\"box-description\"><h5 class=\"p1\"><span class=\"s1\">Our true home is at the vineyard, it is the heart of Los Nadies, of its history and its future. It is a most intimate place where only our closest friends are welcome. <\/span><\/h5>\n<\/div>\n\t<\/div> <\/div><\/div><\/div><\/div>","protected":false},"excerpt":{"rendered":"Vi\u00f1a El vi\u00f1edo se encuentra en Cuchilla Verde, cerca de la uni\u00f3n de los departamentos de Florida, San Jos\u00e9 y Canelones, 60 km al Norte de Montevideo, en el valle<p class=\"more-link-wrapper\"><a class=\"btn btn-primary\" href=\"https:\/\/bodegalosnadies.com\/en\/vina\/\">Read More<\/a><\/p>","protected":false},"author":2,"featured_media":0,"parent":0,"menu_order":0,"comment_status":"closed","ping_status":"closed","template":"","meta":[],"_links":{"self":[{"href":"https:\/\/bodegalosnadies.com\/en\/wp-json\/wp\/v2\/pages\/4874"}],"collection":[{"href":"https:\/\/bodegalosnadies.com\/en\/wp-json\/wp\/v2\/pages"}],"about":[{"href":"https:\/\/bodegalosnadies.com\/en\/wp-json\/wp\/v2\/types\/page"}],"author":[{"embeddable":true,"href":"https:\/\/bodegalosnadies.com\/en\/wp-json\/wp\/v2\/users\/2"}],"replies":[{"embeddable":true,"href":"https:\/\/bodegalosnadies.com\/en\/wp-json\/wp\/v2\/comments?post=4874"}],"version-history":[{"count":93,"href":"https:\/\/bodegalosnadies.com\/en\/wp-json\/wp\/v2\/pages\/4874\/revisions"}],"predecessor-version":[{"id":5437,"href":"https:\/\/bodegalosnadies.com\/en\/wp-json\/wp\/v2\/pages\/4874\/revisions\/5437"}],"wp:attachment":[{"href":"https:\/\/bodegalosnadies.com\/en\/wp-json\/wp\/v2\/media?parent=4874"}],"curies":[{"name":"wp","href":"https:\/\/api.w.org\/{rel}","templated":true}]}}