{"id":3853,"date":"2019-04-23T11:46:03","date_gmt":"2019-04-23T11:46:03","guid":{"rendered":"http:\/\/okthemes.com\/sarasdemo\/?page_id=139"},"modified":"2022-09-22T00:17:34","modified_gmt":"2022-09-22T00:17:34","slug":"inicio","status":"publish","type":"page","link":"https:\/\/bodegalosnadies.com\/en\/","title":{"rendered":"Home"},"content":{"rendered":"<div data-vc-full-width=\"true\" data-vc-full-width-init=\"false\" data-vc-stretch-content=\"true\" data-vc-parallax=\"1.5\" data-vc-parallax-image=\"https:\/\/bodegalosnadies.com\/wp-content\/uploads\/2020\/06\/DSC09820.jpg\" class=\"vc_row wpb_row vc_row-fluid vc_row-has-fill vc_row-o-full-height vc_row-o-columns-middle vc_row-flex vc_general vc_parallax vc_parallax-content-moving\"><div class=\"wpb_column vc_column_container vc_col-sm-2\"><div class=\"vc_column-inner\"><div class=\"wpb_wrapper\"><\/div><\/div><\/div><div class=\"wpb_column vc_column_container vc_col-sm-8\"><div class=\"vc_column-inner\"><div class=\"wpb_wrapper\">\n\t<div class=\"title-subtitle-box  vc_custom_1663805848485\" style=\" text-align: center;\">\n\t\t<h1 style=\" color:#ffffff;  font-style: normal;\" class=\"special-title\" >El vino: un v\u00ednculo entre personas y las personas con la naturaleza.<\/h1>\n\t<\/div> <\/div><\/div><\/div><div class=\"wpb_column vc_column_container vc_col-sm-2\"><div class=\"vc_column-inner\"><div class=\"wpb_wrapper\"><\/div><\/div><\/div><\/div><div class=\"vc_row-full-width vc_clearfix\"><\/div><div data-vc-full-width=\"true\" data-vc-full-width-init=\"false\" class=\"vc_row wpb_row vc_row-fluid vc_custom_1604343405042 vc_row-has-fill\"><div class=\"wpb_column vc_column_container vc_col-sm-12\"><div class=\"vc_column-inner\"><div class=\"wpb_wrapper\"><div class=\"vc_row wpb_row vc_inner vc_row-fluid vc_row-o-equal-height vc_row-o-content-middle vc_row-flex\"><div class=\"wpb_column vc_column_container vc_col-sm-8\"><div class=\"vc_column-inner\"><div class=\"wpb_wrapper\">\n\t<div  class=\"wpb_single_image wpb_content_element vc_align_center\">\n\t\t\n\t\t<figure class=\"wpb_wrapper vc_figure\">\n\t\t\t<a href=\"https:\/\/bodegalosnadies.com\/en\/nosotros\/\" target=\"_self\" class=\"vc_single_image-wrapper   vc_box_border_grey\"><img width=\"1058\" height=\"600\" src=\"https:\/\/bodegalosnadies.com\/wp-content\/uploads\/2020\/09\/videobutt_home.png\" class=\"vc_single_image-img attachment-full\" alt=\"\" loading=\"lazy\" srcset=\"https:\/\/bodegalosnadies.com\/wp-content\/uploads\/2020\/09\/videobutt_home.png 1058w, https:\/\/bodegalosnadies.com\/wp-content\/uploads\/2020\/09\/videobutt_home-300x170.png 300w, https:\/\/bodegalosnadies.com\/wp-content\/uploads\/2020\/09\/videobutt_home-1024x581.png 1024w, https:\/\/bodegalosnadies.com\/wp-content\/uploads\/2020\/09\/videobutt_home-768x436.png 768w\" sizes=\"(max-width: 1058px) 100vw, 1058px\" \/><\/a>\n\t\t<\/figure>\n\t<\/div>\n<\/div><\/div><\/div><div class=\"wpb_column vc_column_container vc_col-sm-4 vc_col-has-fill\"><div class=\"vc_column-inner vc_custom_1599236605123\"><div class=\"wpb_wrapper\">\n\t<div class=\"title-subtitle-box\" style=\" text-align: left;\">\n\t\t<h1 style=\" font-style: normal;\" class=\"special-title\" >About Us<\/h1>\n\t\t<span class=\"gg-horizontal-line\"  ><\/span>\n\t\t<div class=\"box-description\"><div class=\"page\" title=\"Page 1\">\n<div class=\"layoutArea\">\n<div class=\"column\">\n<p><strong>CREED<\/strong><\/p>\n<p class=\"p1 translation-block\">It is by using simple techniques in our ongoing pursuit of a more profound understanding of the world around us, that more sophisticated results are achieved. We live by this creed through the path of wine.<\/p>\n<\/div>\n<\/div>\n<\/div>\n<\/div><div class=\"gg-special-button-wrapper  special-button-align-left special-button-style-btn-primary\"><a class=\"btn btn-primary\" href=\"https:\/\/bodegalosnadies.com\/en\/nosotros\/\" title=\"READ MORE\" target=\"_self\">READ MORE<\/a><\/div>\n\t<\/div> <\/div><\/div><\/div><\/div><\/div><\/div><\/div><\/div><div class=\"vc_row-full-width vc_clearfix\"><\/div><div data-vc-full-width=\"true\" data-vc-full-width-init=\"false\" class=\"vc_row wpb_row vc_row-fluid no-overflow vc_custom_1603318524844 vc_row-has-fill\"><div class=\"wpb_column vc_column_container vc_col-sm-12\"><div class=\"vc_column-inner\"><div class=\"wpb_wrapper\"><div class=\"vc_row wpb_row vc_inner vc_row-fluid vc_row-o-content-top vc_row-flex\"><div class=\"wpb_column vc_column_container vc_col-sm-6 vc_col-has-fill\"><div class=\"vc_column-inner vc_custom_1599501007375\"><div class=\"wpb_wrapper\">\n\t<div class=\"title-subtitle-box\" style=\" text-align: left;\">\n\t\t<h1 style=\" font-style: normal;\" class=\"special-title\" >The Vineyard<\/h1>\n\t\t<span class=\"gg-horizontal-line\"  ><\/span>\n\t\t<div class=\"box-description\"><p class=\"p1 translation-block\">The vineyard is the result of the interaction between culture and nature.\nThe family has been in this terroir for over 90 years.\nIt is here where the secret of Los Nadies Bodega Almacen lies.<\/p>\n<\/div>\n\t<\/div> <div class=\"vc_empty_space\"   style=\"height: 32px\"><span class=\"vc_empty_space_inner\"><\/span><\/div>\n\t<div class=\"gg-special-button-wrapper  special-button-align-left special-button-style-btn-primary\"><a class=\"btn btn-primary\" href=\"https:\/\/bodegalosnadies.com\/en\/vina\/\" title=\"READ MORE\" target=\"_self\">READ MORE<\/a><\/div><\/div><\/div><\/div><div class=\"wpb_column vc_column_container vc_col-sm-6 vc_col-has-fill\"><div class=\"vc_column-inner vc_custom_1556101704734\"><div class=\"wpb_wrapper\">\n\t<div class=\"title-subtitle-box  vc_custom_1592423388508\" style=\" text-align: left;\">\n\t\t<h1 style=\" color:#ffffff;  font-style: normal;\" class=\"special-title\" >Vines<\/h1>\n\t<\/div> <div  class=\"vc_wp_text wpb_content_element\"><div class=\"widget widget_text\">\t\t\t<div class=\"textwidget\"><\/p>\n<p class=\"p1\"><span class=\"s1\" style=\"color: #d49b48;\">On a gently sloped landscape, over deep calcareous clay soil, we grow Tannat, Merlot, Cabernet Sauvignon, Sauvignon Blanc and Sauvignon Gris plants. <\/span><\/p>\n<p>\n<\/div>\n\t\t<\/div><\/div><\/div><\/div><\/div><\/div><\/div><\/div><\/div><\/div><div class=\"vc_row-full-width vc_clearfix\"><\/div><div data-vc-full-width=\"true\" data-vc-full-width-init=\"false\" data-vc-parallax=\"1.5\" data-vc-parallax-image=\"https:\/\/bodegalosnadies.com\/wp-content\/uploads\/2020\/09\/banner_vinos.png\" class=\"vc_row wpb_row vc_row-fluid vc_custom_1602616555214 vc_row-has-fill vc_column-gap-20 vc_row-o-equal-height vc_row-o-content-middle vc_row-flex vc_general vc_parallax vc_parallax-content-moving\"><div class=\"wpb_column vc_column_container vc_col-sm-6\"><div class=\"vc_column-inner\"><div class=\"wpb_wrapper\">\n\t<div class=\"title-subtitle-box\" style=\" text-align: left;\">\n\t\t<h2 style=\" color:#000000;  font-style: normal;\" class=\"special-title\" >WINERY \u00b7 GENERAL STORE<\/h2>\n\t\t<span class=\"gg-horizontal-line\" style=\"background: #dd9933\" ><\/span>\n\t\t<div class=\"box-description\"><p class=\" translation-block\">We work for those who thrive on the magic of simplicity and discover perfection in each detail.<\/p>\n<\/div><div class=\"gg-special-button-wrapper  special-button-align-left special-button-style-btn-primary\"><a class=\"btn btn-primary\" href=\"https:\/\/bodegalosnadies.com\/en\/bodega_comercializacion\/\" title=\"READ MORE\" target=\"_self\">READ MORE<\/a><\/div>\n\t<\/div> <\/div><\/div><\/div><div class=\"wpb_column vc_column_container vc_col-sm-6\"><div class=\"vc_column-inner\"><div class=\"wpb_wrapper\">\n\t<div class=\"title-subtitle-box\" style=\" text-align: right;\">\n\t\t<h2 style=\" color:#000000;  font-style: normal;\" class=\"special-title\" >WINES<\/h2>\n\t\t<span class=\"gg-horizontal-line\" style=\"background: #dd9933\" ><\/span>\n\t\t<div class=\"box-description\"><p class=\" translation-block\">Those who take pleasure in gastronomy, they will find in these wines an excursion to a world of sensations.<\/p>\n<\/div><div class=\"gg-special-button-wrapper  special-button-align-right special-button-style-btn-primary\"><a class=\"btn btn-primary\" href=\"https:\/\/bodegalosnadies.com\/en\/vinos\/\" title=\"READ MORE\" target=\"_self\">READ MORE<\/a><\/div>\n\t<\/div> <\/div><\/div><\/div><\/div><div class=\"vc_row-full-width vc_clearfix\"><\/div><div class=\"vc_row wpb_row vc_row-fluid vc_custom_1592631712384\"><div class=\"wpb_column vc_column_container vc_col-sm-4\"><div class=\"vc_column-inner\"><div class=\"wpb_wrapper\"><\/div><\/div><\/div><div class=\"wpb_column vc_column_container vc_col-sm-4\"><div class=\"vc_column-inner\"><div class=\"wpb_wrapper\"><div class=\"vc_empty_space\"   style=\"height: 40px\"><span class=\"vc_empty_space_inner\"><\/span><\/div>\n\t<div class=\"title-subtitle-box  wpb_animate_when_almost_visible wpb_fadeInDown fadeInDown\" style=\" text-align: center;\">\n\t\t<h2 style=\" color:#0a0404;  font-style: normal;\" class=\"special-title\" >MORE THAN WINE<\/h2>\n\t\t<span class=\"gg-horizontal-line\"  ><\/span>\n\t\t<div class=\"box-description\"><p style=\"text-align: center;\" class=\" translation-block\">We believe wine to be a bond between people. We hand these gifts of nature directly to our customers.<\/p>\n<\/div>\n\t<\/div> <div class=\"vc_empty_space\"   style=\"height: 32px\"><span class=\"vc_empty_space_inner\"><\/span><\/div><\/div><\/div><\/div><div class=\"wpb_column vc_column_container vc_col-sm-4\"><div class=\"vc_column-inner\"><div class=\"wpb_wrapper\"><\/div><\/div><\/div><\/div><div data-vc-full-width=\"true\" data-vc-full-width-init=\"false\" data-vc-stretch-content=\"true\" class=\"vc_row wpb_row vc_row-fluid vc_custom_1597858873346 vc_column-gap-5 vc_row-o-equal-height vc_row-flex\"><div class=\"wpb_column vc_column_container vc_col-sm-3\"><div class=\"vc_column-inner\"><div class=\"wpb_wrapper\">\n\t<div class=\"gg-clubbox\" style=\"text-align:center;\">\n\t\t<div class=\"club-image\"> <img class=\"wp-post-image\" src=\" https:\/\/bodegalosnadies.com\/wp-content\/uploads\/2020\/07\/CENAS-CON-MARIDAJEEEEEE-scaled.jpg \" alt=\"\" \/> <\/div>\n\t\t<div class=\"gg-clubbox-content gg-center\">\n\t\t<span class=\"club-top-title\" ><\/span>\n\t\t<h3 class=\"club-title\" >FOOD &amp; WINE<\/h3>\n\t\t<div class=\"club-description\" ><p>Food and wine go hand in hand in gastronomy. For that reason we are passionate to be in touch with chefs and learn from them in order to achieve a perfect synergy. We arrange thematic dinners for you to experience a food pairing planned especially for you.<\/p>\n<div class=\"gg_list\">\n<ul>\n<li>Wine tastings<\/li>\n<li>Talks about wine and gastronomy<\/li>\n<li>A special menu<\/li>\n<\/ul>\n<\/div>\n<\/div>\n\t\t<p class=\"club-price\" > <span class=\"club-price-affix\" ><\/span><\/p>\n\t<\/div>\n\t<\/div><\/div><\/div><\/div><div class=\"wpb_column vc_column_container vc_col-sm-3\"><div class=\"vc_column-inner\"><div class=\"wpb_wrapper\">\n\t<div class=\"gg-clubbox\" style=\"text-align:center;\">\n\t\t<div class=\"club-image\"> <img class=\"wp-post-image\" src=\" https:\/\/bodegalosnadies.com\/wp-content\/uploads\/2020\/06\/DSC00613.png \" alt=\"\" \/> <\/div>\n\t\t<div class=\"gg-clubbox-content gg-center\">\n\t\t<span class=\"club-top-title\" ><\/span>\n\t\t<h3 class=\"club-title\" >BEHIND THE BOTTLE<\/h3>\n\t\t<div class=\"club-description\" ><p>Each wine is a world of its own, each one is born and roams a different path from one another. There is a correct way to drink it and receive everything it has to offer.<\/p>\n<p>We provide tips such as:<\/p>\n<div class=\"gg_list\">\n<ul>\n<li>Instructive videos<\/li>\n<li>Assessment calls<\/li>\n<li>Tours through the winery in order to learn more about what's behind each bottle<\/li>\n<\/ul>\n<\/div>\n<\/div>\n\t\t<p class=\"club-price\" > <span class=\"club-price-affix\" ><\/span><\/p>\n\t<\/div>\n\t<\/div><\/div><\/div><\/div><div class=\"wpb_column vc_column_container vc_col-sm-3\"><div class=\"vc_column-inner\"><div class=\"wpb_wrapper\">\n\t<div class=\"gg-clubbox\" style=\"text-align:center;\">\n\t\t<div class=\"club-image\"> <img class=\"wp-post-image\" src=\" https:\/\/bodegalosnadies.com\/wp-content\/uploads\/2020\/06\/WEGFWEGFWEGF.jpg \" alt=\"\" \/> <\/div>\n\t\t<div class=\"gg-clubbox-content gg-center\">\n\t\t<span class=\"club-top-title\" ><\/span>\n\t\t<h3 class=\"club-title\" >VISITS<\/h3>\n\t\t<div class=\"club-description\" ><p>We are fond of meeting our clients! Get to know them as well as they get to know us, becoming familiar with the process behind each drop of Los Nadies wine.<\/p>\n<p>Ask about:<\/p>\n<div class=\"gg_list\">\n<ul>\n<li>Guided tours through the vineyard<\/li>\n<li>Visits to the winery<\/li>\n<li>Dinners and events<\/li>\n<\/ul>\n<\/div>\n<\/div>\n\t\t<p class=\"club-price\" > <span class=\"club-price-affix\" ><\/span><\/p>\n\t<div class=\"clearfix\"><\/div><a class=\"club-link button btn-primary\" href=\"https:\/\/bodegalosnadies.com\/en\/contacto-2-2\/\" title=\"MORE INFO\" target=\"_self\">MORE INFO<\/a>\n\t<\/div>\n\t<\/div><\/div><\/div><\/div><div class=\"wpb_column vc_column_container vc_col-sm-3\"><div class=\"vc_column-inner\"><div class=\"wpb_wrapper\">\n\t<div class=\"gg-clubbox\" style=\"text-align:center;\">\n\t\t<div class=\"club-image\"> <img class=\"wp-post-image\" src=\" https:\/\/bodegalosnadies.com\/wp-content\/uploads\/2020\/06\/DSC00613.jpg \" alt=\"\" \/> <\/div>\n\t\t<div class=\"gg-clubbox-content gg-center\">\n\t\t<span class=\"club-top-title\" ><\/span>\n\t\t<h3 class=\"club-title\" >FRIEND'S CLUB<\/h3>\n\t\t<div class=\"club-description\" ><p>We created this club for our clients and friends who have supported us since the beginning and believe in what we do.<br \/>\nMembers enjoy the following benefits:<\/p>\n<div class=\"gg_list\">\n<ul>\n<li>Information regarding limited vintages and news<\/li>\n<li>Special offers<\/li>\n<li>Exclusive meetings and much more<\/li>\n<\/ul>\n<p>&nbsp;<\/p>\n<\/div>\n<\/div>\n\t\t<p class=\"club-price\" > <span class=\"club-price-affix\" ><\/span><\/p>\n\t<\/div>\n\t<\/div><\/div><\/div><\/div><\/div><div class=\"vc_row-full-width vc_clearfix\"><\/div><div data-vc-full-width=\"true\" data-vc-full-width-init=\"false\" class=\"vc_row wpb_row vc_row-fluid vc_custom_1599496483539 vc_row-has-fill vc_column-gap-30\"><div class=\"wpb_column vc_column_container vc_col-sm-2\"><div class=\"vc_column-inner\"><div class=\"wpb_wrapper\"><\/div><\/div><\/div><div class=\"wpb_column vc_column_container vc_col-sm-8\"><div class=\"vc_column-inner\"><div class=\"wpb_wrapper\">\n\t<div class=\"title-subtitle-box  wpb_animate_when_almost_visible wpb_fadeInDown fadeInDown\" style=\" text-align: center;\">\n\t\t<h4 style=\" font-style: normal;\" class=\"special-title\" >GET IN TOUCH WITH US!<\/h4>\n\t\t<span class=\"gg-horizontal-line\"  ><\/span>\n\t<\/div> <div class=\"vc_empty_space\"   style=\"height: 15px\"><span class=\"vc_empty_space_inner\"><\/span><\/div><div role=\"form\" class=\"wpcf7\" id=\"wpcf7-f4228-o1\" lang=\"es-ES\" dir=\"ltr\">\n<div class=\"screen-reader-response\"><p role=\"status\" aria-live=\"polite\" aria-atomic=\"true\"><\/p> <ul><\/ul><\/div>\n<form action=\"\/en\/wp-json\/wp\/v2\/pages\/3853#wpcf7-f4228-o1\" method=\"post\" class=\"wpcf7-form init\" novalidate=\"novalidate\" data-status=\"init\" data-trp-original-action=\"\/en\/wp-json\/wp\/v2\/pages\/3853#wpcf7-f4228-o1\">\n<div style=\"display: none;\">\n<input type=\"hidden\" name=\"_wpcf7\" value=\"4228\" \/>\n<input type=\"hidden\" name=\"_wpcf7_version\" value=\"5.5.2\" \/>\n<input type=\"hidden\" name=\"_wpcf7_locale\" value=\"es_ES\" \/>\n<input type=\"hidden\" name=\"_wpcf7_unit_tag\" value=\"wpcf7-f4228-o1\" \/>\n<input type=\"hidden\" name=\"_wpcf7_container_post\" value=\"0\" \/>\n<input type=\"hidden\" name=\"_wpcf7_posted_data_hash\" value=\"\" \/>\n<\/div>\n<p><label> YOUR NAME (REQUIRED)<br \/>\n    <span class=\"wpcf7-form-control-wrap your-name\"><input type=\"text\" name=\"your-name\" value=\"\" size=\"40\" class=\"wpcf7-form-control wpcf7-text wpcf7-validates-as-required\" aria-required=\"true\" aria-invalid=\"false\" \/><\/span> <\/label><\/p>\n<p><label> YOUR E-MAIL ADDRESS (REQUIRED)<br \/>\n    <span class=\"wpcf7-form-control-wrap your-email\"><input type=\"email\" name=\"your-email\" value=\"\" size=\"40\" class=\"wpcf7-form-control wpcf7-text wpcf7-email wpcf7-validates-as-required wpcf7-validates-as-email\" aria-required=\"true\" aria-invalid=\"false\" \/><\/span> <\/label><\/p>\n<p><label> SUBJECT<br \/>\n    <span class=\"wpcf7-form-control-wrap your-subject\"><input type=\"text\" name=\"your-subject\" value=\"\" size=\"40\" class=\"wpcf7-form-control wpcf7-text\" aria-invalid=\"false\" \/><\/span> <\/label><\/p>\n<p><label> YOUR MESSAGE<br \/>\n    <span class=\"wpcf7-form-control-wrap your-message\"><textarea name=\"your-message\" cols=\"40\" rows=\"10\" class=\"wpcf7-form-control wpcf7-textarea\" aria-invalid=\"false\"><\/textarea><\/span> <\/label><\/p>\n<p><span class=\"wpcf7-form-control-wrap menu-408\"><select name=\"menu-408\" class=\"wpcf7-form-control wpcf7-select wpcf7-validates-as-required\" aria-required=\"true\" aria-invalid=\"false\"><option value=\"-\">-<\/option><option value=\"Informaci\u00f3n\">Informaci\u00f3n<\/option><option value=\"Tienda\">Store<\/option><option value=\"Cenas con maridaje\">Cenas con maridaje<\/option><option value=\"Detr\u00e1s de la botella\">Detr\u00e1s de la botella<\/option><option value=\"Visitas\">Visitas<\/option><option value=\"Club de amigos\">Club de amigos<\/option><option value=\"Otro\">Otro<\/option><\/select><\/span><\/p>\n<p><input type=\"submit\" value=\"send\" class=\"wpcf7-form-control has-spinner wpcf7-submit\" \/><\/p>\n<div class=\"wpcf7-response-output\" aria-hidden=\"true\"><\/div><input type=\"hidden\" name=\"trp-form-language\" value=\"en\"\/><\/form><\/div><\/div><\/div><\/div><div class=\"wpb_column vc_column_container vc_col-sm-2\"><div class=\"vc_column-inner\"><div class=\"wpb_wrapper\"><\/div><\/div><\/div><\/div><div class=\"vc_row-full-width vc_clearfix\"><\/div>","protected":false},"excerpt":{"rendered":"El vino: un v\u00ednculo entre personas y las personas con la naturaleza. Nosotros CREDO En la b\u00fasqueda de un entendimiento cada vez m\u00e1s profundo del universo que nos rodea, se<p class=\"more-link-wrapper\"><a class=\"btn btn-primary\" href=\"https:\/\/bodegalosnadies.com\/en\/\">Read More<\/a><\/p>","protected":false},"author":1,"featured_media":0,"parent":0,"menu_order":0,"comment_status":"closed","ping_status":"closed","template":"","meta":[],"_links":{"self":[{"href":"https:\/\/bodegalosnadies.com\/en\/wp-json\/wp\/v2\/pages\/3853"}],"collection":[{"href":"https:\/\/bodegalosnadies.com\/en\/wp-json\/wp\/v2\/pages"}],"about":[{"href":"https:\/\/bodegalosnadies.com\/en\/wp-json\/wp\/v2\/types\/page"}],"author":[{"embeddable":true,"href":"https:\/\/bodegalosnadies.com\/en\/wp-json\/wp\/v2\/users\/1"}],"replies":[{"embeddable":true,"href":"https:\/\/bodegalosnadies.com\/en\/wp-json\/wp\/v2\/comments?post=3853"}],"version-history":[{"count":491,"href":"https:\/\/bodegalosnadies.com\/en\/wp-json\/wp\/v2\/pages\/3853\/revisions"}],"predecessor-version":[{"id":5790,"href":"https:\/\/bodegalosnadies.com\/en\/wp-json\/wp\/v2\/pages\/3853\/revisions\/5790"}],"wp:attachment":[{"href":"https:\/\/bodegalosnadies.com\/en\/wp-json\/wp\/v2\/media?parent=3853"}],"curies":[{"name":"wp","href":"https:\/\/api.w.org\/{rel}","templated":true}]}}